{"id":21,"date":"2017-02-07T16:43:22","date_gmt":"2017-02-07T16:43:22","guid":{"rendered":"http:\/\/zona.rascalsthemes.com\/dark\/?page_id=21"},"modified":"2020-03-06T13:36:48","modified_gmt":"2020-03-06T12:36:48","slug":"biographie","status":"publish","type":"page","link":"https:\/\/www.rabihaboukhalil.com\/fr\/biographie\/","title":{"rendered":"Biographie"},"content":{"rendered":"<div class=\"wpb-content-wrapper\"><p>[vc_row full_width=\u00a0\u00bbstretch_row\u00a0\u00bb content_width=\u00a0\u00bbnarrow\u00a0\u00bb css=\u00a0\u00bb.vc_custom_1582899065181{padding-top: 10% !important;padding-bottom: 10% !important;}\u00a0\u00bb][vc_column css=\u00a0\u00bb.vc_custom_1583407561746{border-top-width: 4px !important;padding-top: 20px !important;padding-right: 20px !important;padding-bottom: 20px !important;padding-left: 20px !important;border-top-style: solid !important;}\u00a0\u00bb][vc_custom_heading text=\u00a0\u00bbA LA FRONTI\u00c8RE DES CULTURES\u00a0\u00bb font_container=\u00a0\u00bbtag:h1|text_align:center|color:%23ffffff\u00a0\u00bb use_theme_fonts=\u00a0\u00bbyes\u00a0\u00bb el_class=\u00a0\u00bbtext-teaser\u00a0\u00bb css=\u00a0\u00bb.vc_custom_1583498207349{margin-bottom: 40px !important;}\u00a0\u00bb][vc_row_inner equal_height=\u00a0\u00bbyes\u00a0\u00bb content_placement=\u00a0\u00bbmiddle\u00a0\u00bb][vc_column_inner width=\u00a0\u00bb1\/2&Prime;][vc_column_text css=\u00a0\u00bb.vc_custom_1583407030501{margin-bottom: 0px !important;}\u00a0\u00bb]N\u00e9 au Liban, Rabih Abou-Khalil grandit dans le Beyrouth cosmopolite des ann\u00e9es 60 et 70. Pr\u00e9coce, il commen\u00e7a l\u2019\u00e9tude du Oud, le luth arabe, d\u00e8s l\u2019\u00e2ge de 4 ans. Dans le monde arabe cet instrument jouit d\u2019une popularit\u00e9 et d\u2019un prestige comparables \u00e0 l\u2019importance qu\u2019occupent, en Occident, le piano et la guitare r\u00e9unis. La Guerre du Liban poussa Rabih \u00e0 quitter son pays natal en 1978 et c\u2019est ainsi qu\u2019il s\u2019installa \u00e0 Munich o\u00f9 il re\u00e7ut une formation musicale classique au Conservatoire aupr\u00e8s du Professeur Walther Theurer. A son contact, Rabih se familiarisa avec la culture musicale occidentale et acquit ainsi les connaissances qui lui facilit\u00e8rent la communication et l\u2019\u00e9change avec ses pairs musiciens en Europe. Bient\u00f4t, l\u2019\u00e9tude analytique de la musique europ\u00e9enne associ\u00e9e \u00e0 un int\u00e9r\u00eat d\u00e9vorant pour toutes les cultures musicales lui permirent d\u2019envisager la musique arabe sous une perspective toute th\u00e9orique et d\u2019\u00e9voluer dans des syst\u00e8mes de r\u00e9f\u00e9rences musicaux diam\u00e9tralement oppos\u00e9s. Ses compositions uniques, toujours interpr\u00e9t\u00e9es avec des musiciens d\u2019exception, surpassent indiscutablement tout ce qui a \u00e9t\u00e9 tent\u00e9 \u00e0 ce jour en mati\u00e8re de fusion de genres musicaux.[\/vc_column_text][\/vc_column_inner][vc_column_inner width=\u00a0\u00bb1\/2&Prime;][vc_single_image image=\u00a0\u00bb3928&Prime; img_size=\u00a0\u00bbfull\u00a0\u00bb css_animation=\u00a0\u00bbslideInUp\u00a0\u00bb][\/vc_column_inner][\/vc_row_inner][vc_row_inner equal_height=\u00a0\u00bbyes\u00a0\u00bb content_placement=\u00a0\u00bbmiddle\u00a0\u00bb][vc_column_inner width=\u00a0\u00bb1\/2&Prime;][vc_single_image image=\u00a0\u00bb2692&Prime; img_size=\u00a0\u00bbfull\u00a0\u00bb css_animation=\u00a0\u00bbslideInUp\u00a0\u00bb][\/vc_column_inner][vc_column_inner width=\u00a0\u00bb1\/2&Prime;][vc_column_text css=\u00a0\u00bb.vc_custom_1583407213437{margin-bottom: 0px !important;}\u00a0\u00bb]Refusant tout compromis artistique, Abou-Khalil prit tr\u00e8s t\u00f4t le parti de produire lui m\u00eame sa musique, s\u2019impliquant syst\u00e9matiquement dans chaque \u00e9tape de la cr\u00e9ation d\u2019un disque: de l\u2019enregistrement \u00e0 la conception graphique de la pochette, tout porte sa signature personnelle. Ceci n\u2019a jamais chang\u00e9 jusqu\u2019\u00e0 aujourd\u2019hui et c\u2019est l\u00e0 une particularit\u00e9 essentielle de sa collaboration de longue date avec la maison de disques ENJA.<\/p>\n<p>En 1982, Abou-Khalil enregistra son premier disque, \u00ab Compositions and Improvisations \u00bb, qui re\u00e7ut un accueil enthousiaste de la presse. Deux ann\u00e9es plus tard, \u00ab Bitter Harvest \u00bb sortit dans les bacs et deux autres ann\u00e9es plus tard \u00ab Between Dusk and Dawn \u00bb, son premier CD enregistr\u00e9 avec des musiciens de renomm\u00e9e internationale (entre autres Charlie Mariano, Glen Moore, Glen Velez et Ramesh Shotham), vint affirmer son style unique de composition rythmique et m\u00e9lodique. S\u2019ensuivirent plusieurs opus enregistr\u00e9s avec de prodigieux musiciens traditionnels arabes ou des musiciens de jazz de renom (Sonny Fortune, Steve Swallow, Kenny Wheeler, etc.) comme le disque plusieurs fois r\u00e9compens\u00e9 \u00ab Blue Camel \u00bb.<\/p>\n<p>[\/vc_column_text][\/vc_column_inner][\/vc_row_inner][vc_row_inner equal_height=\u00a0\u00bbyes\u00a0\u00bb content_placement=\u00a0\u00bbmiddle\u00a0\u00bb][vc_column_inner width=\u00a0\u00bb1\/2&Prime;][vc_column_text css=\u00a0\u00bb.vc_custom_1583407295821{margin-bottom: 0px !important;}\u00a0\u00bb]Rabih Abou-Khalil s\u2019est depuis longtemps fait un nom en tant que compositeur et instrumentiste. Pas seulement parce qu\u2019il est en avance consid\u00e9rable sur son temps mais surtout parce qu\u2019il remet en question ce \u00e0 quoi d\u2019autres se conforment sans vraiment y pr\u00eater attention. Avec sa technique de composition caract\u00e9ris\u00e9e par des s\u00e9quences rythmiques complexes et qui ne se soumet \u00e0 aucune r\u00e8gle (pas m\u00eame d\u2019origine arabe), Abou-Khalil a cr\u00e9\u00e9 un langage sonore aux accents \u00e0 la fois myst\u00e9rieux et \u00e9trangement familiers.<\/p>\n<p>Sur commande de la Radiodiffusion sud-ouest-allemande, Abou-Khalil composa deux pi\u00e8ces pour quatuor \u00e0 cordes. Pr\u00e9sent\u00e9es au public pour la premi\u00e8re fois en 1992 \u00e0 Stuttgart par le Kronos String Quartet dans le cadre du festival \u00ab Jazz-Gipfel \u00bb, elles firent litt\u00e9ralement sensation. Avec son CD \u00ab Arabian Waltz \u00bb qu\u2019il enregistra avec le Balanescu String Quartet, il d\u00e9montra ensuite qu\u2019il avait parfaitement r\u00e9ussi \u00e0 int\u00e9grer dans son univers musical le quatuor \u00e0 cordes, forme d\u2019expression artistique traditionnellement r\u00e9serv\u00e9e \u00e0 la musique classique.[\/vc_column_text][\/vc_column_inner][vc_column_inner width=\u00a0\u00bb1\/2&Prime;][vc_single_image image=\u00a0\u00bb2690&Prime; img_size=\u00a0\u00bbfull\u00a0\u00bb css_animation=\u00a0\u00bbslideInUp\u00a0\u00bb][\/vc_column_inner][\/vc_row_inner][vc_row_inner equal_height=\u00a0\u00bbyes\u00a0\u00bb content_placement=\u00a0\u00bbmiddle\u00a0\u00bb][vc_column_inner width=\u00a0\u00bb1\/2&Prime;][vc_single_image image=\u00a0\u00bb2686&Prime; img_size=\u00a0\u00bbfull\u00a0\u00bb css_animation=\u00a0\u00bbslideInUp\u00a0\u00bb][\/vc_column_inner][vc_column_inner width=\u00a0\u00bb1\/2&Prime;][vc_column_text css=\u00a0\u00bb.vc_custom_1583407368983{margin-bottom: 0px !important;}\u00a0\u00bb]Ce qui au premier abord ressemble \u00e0 l\u2019affrontement arbitraire d\u2019instruments a priori discordants et \u00e0 la rencontre impossible de talents issus d\u2019univers musicaux distincts n\u2019est en fait autre que la mise en pratique m\u00e9thodique du concept \u00e9labor\u00e9 par Abou-Khalil. Sous sa direction, les contradictions ne m\u00e8nent pas \u00e0 la confusion; les dissemblances ne sont pas les fondations d\u2019une Tour de Babel musicale. Sous sa direction, des musiciens de cultures musicales vari\u00e9es se laissent inspirer par l\u2019intuition commune du d\u00e9fi que repr\u00e9sente l\u2019interpr\u00e9tation de sa musique. Au fur et \u00e0 mesure qu\u2019il s\u2019identifie intellectuellement et \u00e9motionnellement avec ses compositions, l\u2019interpr\u00e8te d\u00e9ploie un enthousiasme toujours grandissant qu\u2019il finit immanquablement par communiquer aux auditeurs. Cependant le d\u00e9sir de se d\u00e9marquer n\u2019est jamais plus fort que la d\u00e9termination \u00e0 imposer, ensemble, quelque chose de nouveau et \u00e0 explorer des terres inconnues. Compos\u00e9e des pi\u00e8ces les plus diverses toutes faites de cet \u00e9lixir, l\u2019oeuvre d\u2019Abou-Khalil s\u2019est tellement singularis\u00e9e qu\u2019elle ne r\u00e9pond \u00e0 aucune convention, qu\u2019elle ne se laisse classer dans aucune cat\u00e9gorie connue. D\u00e8s lors, s\u2019interroger sur sa nature \u2013 Orient ou Occident, jazz ou musique classique, musique du monde ou fusion \u2013 est un exercice futile.[\/vc_column_text][\/vc_column_inner][\/vc_row_inner][vc_row_inner equal_height=\u00a0\u00bbyes\u00a0\u00bb content_placement=\u00a0\u00bbmiddle\u00a0\u00bb][vc_column_inner width=\u00a0\u00bb1\/2&Prime;][vc_column_text css=\u00a0\u00bb.vc_custom_1583407416639{margin-bottom: 0px !important;}\u00a0\u00bb]A la demande de la commune de Duisburg, Abou-Khalil composa une oeuvre pour l\u2019Ensemble Modern, constitu\u00e9 de musiciens de renomm\u00e9e internationale, un des orchestres de musique contemporaine les plus r\u00e9put\u00e9s au monde. Le BBC Concert Orchestra interpr\u00e9ta pour sa part en premi\u00e8re mondiale \u00e0 Londres et Chichester des pi\u00e8ces qu\u2019il avait \u00e9crites sp\u00e9cialement pour lui. Abou-Khalil se consacra ensuite r\u00e9guli\u00e8rement \u00e0 la composition d\u2019oeuvres pour des orchestres internationaux \u2013 d\u2019Osnabr\u00fcck \u00e0 Skopje en Mac\u00e9doine en passant par Sankt P\u00f6lten en Autriche.<\/p>\n<p>La musique de film ne fut pas en reste et Abou-Khalil composa, en 1998, la musique du film germano-turc prim\u00e9 \u00ab Yara \u00bb du metteur en sc\u00e8ne Yilmaz Arslan. 2010 vit ensuite sa partition monumentale d\u2019accompagnement du film muet allemand de 1922 \u00ab Nathan le Sage \u00bb interpr\u00e9t\u00e9e pour la premi\u00e8re fois. Cette oeuvre symphonique, command\u00e9e par les cha\u00eenes de t\u00e9l\u00e9vision ZDF et Arte et pr\u00e9sent\u00e9e en premi\u00e8re mondiale \u00e0 Munich par l\u2019Orchestre National Allemand de la Jeunesse, fut accueillie avec enthousiasme par la presse et le public.[\/vc_column_text][\/vc_column_inner][vc_column_inner width=\u00a0\u00bb1\/2&Prime;][vc_single_image image=\u00a0\u00bb3910&Prime; img_size=\u00a0\u00bbfull\u00a0\u00bb css_animation=\u00a0\u00bbslideInUp\u00a0\u00bb][\/vc_column_inner][\/vc_row_inner][vc_row_inner][vc_column_inner][vc_column_text css=\u00a0\u00bb.vc_custom_1583407429880{margin-bottom: 0px !important;}\u00a0\u00bb]\u00ab Des s\u00e9quences rythmiques saccad\u00e9es incroyablement d\u00e9licates qui s\u2019assemblent en chapelets m\u00e9lodiques, flottent continuellement et jamais ne semblent vouloir se poser et qui, ainsi, acqui\u00e8rent un charme et une force d\u2019attraction inou\u00efs \u00bb; ainsi r\u00e9sumait le fl\u00fbtiste Dietmar Wiesner de l\u2019Ensemble Modern ses impressions.<br \/>\n\u00ab Pendant que nous travaillions avec Rabih Abou-Khalil, les mots de Herbert von Karajan me revenaient in\u00e9vitablement: ne pas jouer la mesure, aller au del\u00e0 de la mesure. \u00bb<\/p>\n<p>La musique d\u2019Abou-Khalil se nourrit des rencontres cr\u00e9atives et non de l\u2019exotisme. D\u2019\u00e9l\u00e9ments culturels radicalement diff\u00e9rents na\u00eet quelque chose de nouveau qui se suffit \u00e0 lui-m\u00eame, pas une chim\u00e8re, pas un wolpertinger \u2013 moiti\u00e9 li\u00e8vre, moiti\u00e9 canard \u2013 mais quelque chose de vivant et de beau, un peu comme un \u00ab Chameau Bleu \u00bb.<\/p>\n<p style=\"text-align: right;\"><strong>Jerry G. Bauer<\/strong><br \/>\n<strong>Traduction Charles Rognet<\/strong><\/p>\n<p>[\/vc_column_text][\/vc_column_inner][\/vc_row_inner][\/vc_column][\/vc_row]<\/p>\n<\/div>","protected":false},"excerpt":{"rendered":"<p>[vc_row full_width=\u00a0\u00bbstretch_row\u00a0\u00bb content_width=\u00a0\u00bbnarrow\u00a0\u00bb css=\u00a0\u00bb.vc_custom_1582899065181{padding-top: 10% !important;padding-bottom: 10% !important;}\u00a0\u00bb][vc_column css=\u00a0\u00bb.vc_custom_1583407561746{border-top-width: 4px !important;padding-top: 20px !important;padding-right: 20px !important;padding-bottom: 20px !important;padding-left: 20px !important;border-top-style: solid !important;}\u00a0\u00bb][vc_custom_heading text=\u00a0\u00bbA LA FRONTI\u00c8RE DES CULTURES\u00a0\u00bb font_container=\u00a0\u00bbtag:h1|text_align:center|color:%23ffffff\u00a0\u00bb use_theme_fonts=\u00a0\u00bbyes\u00a0\u00bb el_class=\u00a0\u00bbtext-teaser\u00a0\u00bb css=\u00a0\u00bb.vc_custom_1583498207349{margin-bottom: 40px !important;}\u00a0\u00bb][vc_row_inner equal_height=\u00a0\u00bbyes\u00a0\u00bb content_placement=\u00a0\u00bbmiddle\u00a0\u00bb][vc_column_inner width=\u00a0\u00bb1\/2&Prime;][vc_column_text css=\u00a0\u00bb.vc_custom_1583407030501{margin-bottom: 0px !important;}\u00a0\u00bb]N\u00e9 au Liban, Rabih Abou-Khalil grandit dans le Beyrouth cosmopolite des ann\u00e9es 60 et 70. Pr\u00e9coce, il commen\u00e7a<\/p>\n","protected":false},"author":1,"featured_media":0,"parent":0,"menu_order":0,"comment_status":"closed","ping_status":"closed","template":"","meta":{"footnotes":""},"class_list":["post-21","page","type-page","status-publish","hentry"],"_links":{"self":[{"href":"https:\/\/www.rabihaboukhalil.com\/fr\/wp-json\/wp\/v2\/pages\/21","targetHints":{"allow":["GET"]}}],"collection":[{"href":"https:\/\/www.rabihaboukhalil.com\/fr\/wp-json\/wp\/v2\/pages"}],"about":[{"href":"https:\/\/www.rabihaboukhalil.com\/fr\/wp-json\/wp\/v2\/types\/page"}],"author":[{"embeddable":true,"href":"https:\/\/www.rabihaboukhalil.com\/fr\/wp-json\/wp\/v2\/users\/1"}],"replies":[{"embeddable":true,"href":"https:\/\/www.rabihaboukhalil.com\/fr\/wp-json\/wp\/v2\/comments?post=21"}],"version-history":[{"count":24,"href":"https:\/\/www.rabihaboukhalil.com\/fr\/wp-json\/wp\/v2\/pages\/21\/revisions"}],"predecessor-version":[{"id":4023,"href":"https:\/\/www.rabihaboukhalil.com\/fr\/wp-json\/wp\/v2\/pages\/21\/revisions\/4023"}],"wp:attachment":[{"href":"https:\/\/www.rabihaboukhalil.com\/fr\/wp-json\/wp\/v2\/media?parent=21"}],"curies":[{"name":"wp","href":"https:\/\/api.w.org\/{rel}","templated":true}]}}