{"id":2815,"date":"2020-02-12T15:41:58","date_gmt":"2020-02-12T14:41:58","guid":{"rendered":"https:\/\/www.rabihaboukhalil.com\/attente\/"},"modified":"2020-03-02T15:49:27","modified_gmt":"2020-03-02T14:49:27","slug":"attente","status":"publish","type":"page","link":"https:\/\/www.rabihaboukhalil.com\/de\/attente\/","title":{"rendered":"Attente"},"content":{"rendered":"<div class=\"wpb-content-wrapper\"><p>[vc_section full_width=&#8220;stretch_row&#8220; full_height=&#8220;yes&#8220; content_placement=&#8220;middle&#8220; css=&#8220;.vc_custom_1581524011570{background-image: url(https:\/\/www.rabihaboukhalil.com\/wp-content\/uploads\/2020\/02\/bg_coming_soon_rabih20.jpg?id=10) !important;}&#8220; el_id=&#8220;album_cover_bg&#8220;][vc_row full_width=&#8220;stretch_row&#8220; full_height=&#8220;yes&#8220; css=&#8220;.vc_custom_1581529032962{margin-bottom: 80px !important;}&#8220;][vc_column css=&#8220;.vc_custom_1581519934297{background-color: rgba(0,0,0,0.75) !important;*background-color: rgb(0,0,0) !important;}&#8220;][vc_single_image image=&#8220;11&#8243; img_size=&#8220;full&#8220; alignment=&#8220;center&#8220;][vc_custom_heading text=&#8220;NEW ABLUM&#8220; font_container=&#8220;tag:h2|text_align:center|color:%23ffffff&#8220; google_fonts=&#8220;font_family:Montserrat%3Aregular%2C700|font_style:700%20bold%20regular%3A700%3Anormal&#8220;][vc_row_inner][vc_column_inner width=&#8220;1\/5&#8243;][\/vc_column_inner][vc_column_inner width=&#8220;1\/5&#8243;][\/vc_column_inner][vc_column_inner width=&#8220;1\/5&#8243;][vc_single_image image=&#8220;2274&#8243; img_size=&#8220;full&#8220; alignment=&#8220;center&#8220;][\/vc_column_inner][vc_column_inner width=&#8220;1\/5&#8243;][\/vc_column_inner][vc_column_inner width=&#8220;1\/5&#8243;][\/vc_column_inner][\/vc_row_inner][vc_empty_space][vc_row_inner gap=&#8220;30&#8243;][vc_column_inner width=&#8220;1\/2&#8243; css=&#8220;.vc_custom_1581520946275{margin-bottom: 15px !important;}&#8220;][vc_column_text]His CDs are outstanding highlights in the collections of numerous music lovers &#8211; genuine style icons, musically as well as visually. His magnificent and highly virtuoso world-music performances are the jewels of countless festivals and concerts. After a longer pause, his latest CD &#8222;The Flood and the Fate of the Fish\u201d is now available on enja records.<\/p>\n<p>Rabih Abou-Khalil is a crossover artist, effortlessly moving between the world of traditional Arabic music, European classical music and Free Jazz. The oud virtuoso and composer is a traveler between cultures. He was born in Lebanon and lives now, after a long stay in Germany, in France. Rabih Abou-Khalil blends Arabic, European and American music into a highly intelligent mix, far from any world-music trends. Never tuning out, keeping his spirit alert, always highly playful, his compositional skills at their peak, with a fair amount of humor, he succeeds in an unprecedented way in merging what are often viewed as contrary worlds.<\/p>\n<p>Unsurprisingly he managed to gather illustrious names from the world of Jazz: The likes of Charlie Mariano, Kenny Wheeler or Joachim K\u00fchn, as well as classical musicians: The Modern Ensemble, the Balanescu Quartet, the Kronos Quartet or the BBC Symphony Orchestra. He has received the Jazz Award five times in one year as recognition of his musical contributions, and in 2002 he was given an honorary certificate for the German Record Critics Prize honoring his complete works.<\/p>\n<p>His multi-faceted compositions integrate Arabic meters and tone scales as well as very distinctive improvisations. What emerges is an exhilarating new sound, deeply sensual, fascinatingly complex and of rousing virtuosity.<\/p>\n<p>Congenial accompanists and long-time partners are the US-American Jarrod Cagwin on drums and percussion as well as the Italian accordionist Luciano Biondini.<\/p>\n<p>Rabih Abou-Khalil, Oud<br \/>\nLuciano Biondini, Accordion<br \/>\nJarrod Cagwin, Drums and Percussion[\/vc_column_text][\/vc_column_inner][vc_column_inner width=&#8220;1\/2&#8243; css=&#8220;.vc_custom_1581520951189{margin-bottom: 15px !important;}&#8220;][vc_column_text]Seine CDs sind hochkar\u00e4tige Highlights in den Sammlungen zahlreicher Musikliebhaber, wahre Stilikonen \u2013 musikalischer wie auch optischer Natur! Seine Konzerte sind gro\u00dfartige, hochvirtuose, weltmusikalische H\u00f6hepunkte zahlloser Festivals und Konzerttourneen. Soeben erschien, nach l\u00e4ngerer Wartezeit, seine CD &#8222;The Flood and the Fate of the Fish&#8220; bei enja records.<\/p>\n<p>Rabih Abou &#8211; Khalil ist ein Grenzg\u00e4nger zwischen den Welten der von traditioneller arabischer Musik und europ\u00e4ischer Klassik bis hin zum offenen Jazz. Gleich einem Wanderer zwischen den Kulturen verbindet der im Libanon geborene und nach langem Aufenthalt in Deutschland mittlerweile in Frankreich lebende Oud-Virtuose und Komponist, arabische, europ\u00e4ische und amerikanische Musik zu einer hochintelligenten Melange, fernab jeglicher Worldmusic-Moden. Unvoreingenommen, mit wachem Geist, hoher spielerischer und kompositorischer Kompetenz und einer guten Portion Humor gelingt es ihm auf au\u00dfergew\u00f6hnliche Weise, die oftmals kontr\u00e4ren Welten miteinander zu verschmelzen. So scharte er auch gro\u00dfe Namen aus der Welt des Jazz wie Charlie Mariano, Kenny Wheeler oder Joachim K\u00fchn um sich, aber auch Klassiker: das Ensemble Modern, das Balanescu Quartett, das Kronos Quartett oder das BBC Symphony Orchestra. Seine Arbeit ist so erfolgreich, dass ihm in einem Jahr gleich f\u00fcnfmal der Jazz Award verliehen wurde; 2002 erhielt er eine Ehrenurkunde zum Preis der deutschen Schallplattenkritik f\u00fcr sein Gesamtwerk.<\/p>\n<p>Seine komplexen Kompositionen vereinen arabische Metren und Tonskalen wie auch ausgepr\u00e4gte Improvisationen. Das Ergebnis ist eine frische Musik, faszinierend komplex, mitrei\u00dfend virtuos, hochsinnlich. Kongeniale Begleiter und jahrelange Weggef\u00e4hrten sind der US-Amerikaner Jarrod Cagwin an Drums und Percussion sowie der italienische Akkordeonist Luciano Biondini.<\/p>\n<p>Rabih Abou-Khalil, Oud<br \/>\nLuciano Biondini, Akkordeon<br \/>\nJarrod Cagwin, Schlagzeug und Percussion[\/vc_column_text][\/vc_column_inner][\/vc_row_inner][vc_row_inner][vc_column_inner width=&#8220;1\/3&#8243;][\/vc_column_inner][vc_column_inner width=&#8220;1\/3&#8243;][vc_text_separator title=&#8220;ON TOUR&#8220;][vc_column_text]<\/p>\n<table summary=\"tourdaten\" cellspacing=\"0\" cellpadding=\"0\">\n<tbody>\n<tr class=\"row_0 row_first even\">\n<td class=\"col_0 col_first\">13.03.2020<\/td>\n<td class=\"col_1\">A-Wien<\/td>\n<td class=\"col_2\">Porgy &amp; Bess<\/td>\n<td class=\"col_3 col_last\"><a href=\"https:\/\/www.porgy.at\/events\/9643\/\" target=\"_blank\" rel=\"noopener noreferrer\">Tickets<\/a><\/td>\n<\/tr>\n<tr class=\"row_0 row_first even\">\n<td class=\"col_0 col_first\">14.03.2020<\/td>\n<td class=\"col_1\">A-Innsbruck<\/td>\n<td class=\"col_2\">Treibhaus<\/td>\n<td class=\"col_3 col_last\"><a href=\"https:\/\/treibhaus.at\/kuenstler\/53\/rabih-abou-khalil?c=R\" target=\"_blank\" rel=\"noopener noreferrer\">Tickets<\/a><\/td>\n<\/tr>\n<tr class=\"row_0 row_first even\">\n<td class=\"col_0 col_first\">15.03.2020<\/td>\n<td class=\"col_1\">D-Regensburg<\/td>\n<td class=\"col_2\">Jazzclub<\/td>\n<td class=\"col_3 col_last\"><a href=\"https:\/\/www.jazzclub-regensburg.de\/programm\/programmvorschau\/detail\/rabih-abou-khalil-2\" target=\"_blank\" rel=\"noopener noreferrer\">Tickets<\/a><\/td>\n<\/tr>\n<tr class=\"row_0 row_first even\">\n<td class=\"col_0 col_first\">16.03.2020<\/td>\n<td class=\"col_1\">D-Koblenz<\/td>\n<td class=\"col_2\">Caf\u00e9 Hahn<\/td>\n<td class=\"col_3 col_last\"><a href=\"https:\/\/www.cafehahn.de\/programm_tickets_2.html?action=detail&amp;type=event&amp;id=3172\" target=\"_blank\" rel=\"noopener noreferrer\">Tickets<\/a><\/td>\n<\/tr>\n<tr class=\"row_0 row_first even\">\n<td class=\"col_0 col_first\">18.03.2020<\/td>\n<td class=\"col_1\">D-Oldenburg<\/td>\n<td class=\"col_2\">Kulturetage<\/td>\n<td class=\"col_3 col_last\"><a href=\"https:\/\/www.kulturetage.de\/?id=1--x-330381\" target=\"_blank\" rel=\"noopener noreferrer\">Tickets<\/a><\/td>\n<\/tr>\n<tr class=\"row_0 row_first even\">\n<td class=\"col_0 col_first\">19.03.2020<\/td>\n<td class=\"col_1\">D-Hamburg<\/td>\n<td class=\"col_2\">Elbphilharmonie<\/td>\n<td class=\"col_3 col_last\"><a href=\"https:\/\/www.elbphilharmonie.de\/de\/programm\/rabih-abou-khalil\/13519\" target=\"_blank\" rel=\"noopener noreferrer\">Tickets<\/a><\/td>\n<\/tr>\n<tr class=\"row_0 row_first even\">\n<td class=\"col_0 col_first\">21.03.2020<\/td>\n<td class=\"col_1\">D-M\u00fcnchen<\/td>\n<td class=\"col_2\">Unterfahrt<\/td>\n<td class=\"col_3 col_last\"><a href=\"https:\/\/www.unterfahrt.de\/index.php?language=de&amp;action=concert&amp;gigid=6945\" target=\"_blank\" rel=\"noopener noreferrer\">Tickets<\/a><\/td>\n<\/tr>\n<tr class=\"row_0 row_first even\">\n<td class=\"col_0 col_first\">22.03.2020<\/td>\n<td class=\"col_1\">CH-Biel<\/td>\n<td class=\"col_2\">Le Singe<\/td>\n<td class=\"col_3 col_last\"><a href=\"https:\/\/www.petzi.ch\/de\/events\/43919-le-singe-rabih-abou-khalil\/\" target=\"_blank\" rel=\"noopener noreferrer\">Tickets<\/a><\/td>\n<\/tr>\n<tr class=\"row_0 row_first even\">\n<td class=\"col_0 col_first\">24.03.2020<\/td>\n<td class=\"col_1\">CH-Z\u00fcrich<\/td>\n<td class=\"col_2\">Moods<\/td>\n<td class=\"col_3 col_last\"><a href=\"https:\/\/www.moods.club\/de\/programm\/event\/10698\/rabih-abou-khalil.html\" target=\"_blank\" rel=\"noopener noreferrer\">Tickets<\/a><\/td>\n<\/tr>\n<tr class=\"row_0 row_first even\">\n<td class=\"col_0 col_first\">25.03.2020<\/td>\n<td class=\"col_1\">D-Neunkirchen\/Saar<\/td>\n<td class=\"col_2\">Stummsche Reithalle<\/td>\n<td class=\"col_3 col_last\"><a href=\"https:\/\/www.ticket-regional.de\/events_info.php?eventID=163980\" target=\"_blank\" rel=\"noopener noreferrer\">Tickets<\/a><\/td>\n<\/tr>\n<tr class=\"row_0 row_first even\">\n<td class=\"col_0 col_first\">26.03.2020<\/td>\n<td class=\"col_1\">D-Mainz<\/td>\n<td class=\"col_2\">Frankfurter Hof<\/td>\n<td class=\"col_3 col_last\"><a href=\"https:\/\/www.frankfurter-hof-mainz.de\/programm-tickets\/details\/news\/rabih-abou-khalil\/\" target=\"_blank\" rel=\"noopener noreferrer\">Tickets<\/a><\/td>\n<\/tr>\n<tr class=\"row_0 row_first even\">\n<td class=\"col_0 col_first\">27.03.2020<\/td>\n<td class=\"col_1\">D-Karlsruhe<\/td>\n<td class=\"col_2\">Tollhaus<\/td>\n<td class=\"col_3 col_last\"><a href=\"https:\/\/www.tollhaus.de\/de\/data\/termin\/3166\/rabih-abou-khalil.html\" target=\"_blank\" rel=\"noopener noreferrer\">Tickets<\/a><\/td>\n<\/tr>\n<tr class=\"row_0 row_first even\">\n<td class=\"col_0 col_first\">28.03.2020<\/td>\n<td class=\"col_1\">D-Friedrichshafen<\/td>\n<td class=\"col_2\">Bahnhof Fischbach<\/td>\n<td class=\"col_3 col_last\"><a href=\"https:\/\/www.friedrichshafen.de\/tourismus\/veranstaltungen-test\/detailseite\/event\/rabih-abou-khalil-trio\/\" target=\"_blank\" rel=\"noopener noreferrer\">Tickets<\/a><\/td>\n<\/tr>\n<tr class=\"row_0 row_first even\">\n<td class=\"col_0 col_first\">29.03.2020<\/td>\n<td class=\"col_1\">D-Freiburg<\/td>\n<td class=\"col_2\">Jazzhaus<\/td>\n<td class=\"col_3 col_last\"><a href=\"https:\/\/www.jazzhaus.de\/programm\/2020-03-29-rabih-abou-khalil-723.html\" target=\"_blank\" rel=\"noopener noreferrer\">Tickets<\/a><\/td>\n<\/tr>\n<tr class=\"row_0 row_first even\">\n<td class=\"col_0 col_first\">13.04.2020<\/td>\n<td class=\"col_1\">D-Stuttgart<\/td>\n<td class=\"col_2\">Theaterhaus<\/td>\n<td class=\"col_3 col_last\"><a href=\"https:\/\/www.theaterhaus.com\/theaterhaus\/?id=1,3,25088\" target=\"_blank\" rel=\"noopener noreferrer\">Tickets<\/a><\/td>\n<\/tr>\n<\/tbody>\n<\/table>\n<p>[\/vc_column_text][vc_text_separator title=&#8220;INFO&#8220;]<a href=\"https:\/\/www.facebook.com\/BremmeHohensee\/photos\/rpp.610983035592634\/3034080696616177\/?type=3&#038;theater\" target=\"_blank\" title=\"\"  data-id=\"mpc_button-7469f2815fb4cc8\" class=\"mpc-button mpc-init mpc-transition \" ><div class=\"mpc-button__content mpc-effect-type--stay mpc-effect-side--left\"><i class=\"mpc-button__icon mpc-transition  fa fa-facebook-official\"><\/i><\/div><div class=\"mpc-button__background mpc-transition mpc-effect-type--fade mpc-effect-side--in\"><\/div><\/a>[\/vc_column_inner][vc_column_inner width=&#8220;1\/3&#8243;][\/vc_column_inner][\/vc_row_inner][\/vc_column][\/vc_row][\/vc_section]<\/p>\n<\/div>","protected":false},"excerpt":{"rendered":"<p>[vc_section full_width=&#8220;stretch_row&#8220; full_height=&#8220;yes&#8220; content_placement=&#8220;middle&#8220; css=&#8220;.vc_custom_1581524011570{background-image: url(https:\/\/www.rabihaboukhalil.com\/wp-content\/uploads\/2020\/02\/bg_coming_soon_rabih20.jpg?id=10) !important;}&#8220; el_id=&#8220;album_cover_bg&#8220;][vc_row full_width=&#8220;stretch_row&#8220; full_height=&#8220;yes&#8220; css=&#8220;.vc_custom_1581529032962{margin-bottom: 80px !important;}&#8220;][vc_column css=&#8220;.vc_custom_1581519934297{background-color: rgba(0,0,0,0.75) !important;*background-color: rgb(0,0,0) !important;}&#8220;][vc_single_image image=&#8220;11&#8243; img_size=&#8220;full&#8220; alignment=&#8220;center&#8220;][vc_custom_heading text=&#8220;NEW ABLUM&#8220; font_container=&#8220;tag:h2|text_align:center|color:%23ffffff&#8220; google_fonts=&#8220;font_family:Montserrat%3Aregular%2C700|font_style:700%20bold%20regular%3A700%3Anormal&#8220;][vc_row_inner][vc_column_inner width=&#8220;1\/5&#8243;][\/vc_column_inner][vc_column_inner width=&#8220;1\/5&#8243;][\/vc_column_inner][vc_column_inner width=&#8220;1\/5&#8243;][vc_single_image image=&#8220;2274&#8243; img_size=&#8220;full&#8220; alignment=&#8220;center&#8220;][\/vc_column_inner][vc_column_inner width=&#8220;1\/5&#8243;][\/vc_column_inner][vc_column_inner width=&#8220;1\/5&#8243;][\/vc_column_inner][\/vc_row_inner][vc_empty_space][vc_row_inner gap=&#8220;30&#8243;][vc_column_inner width=&#8220;1\/2&#8243; css=&#8220;.vc_custom_1581520946275{margin-bottom: 15px !important;}&#8220;][vc_column_text]His CDs are outstanding highlights in the collections of numerous music lovers &#8211; genuine style icons, musically as<\/p>\n","protected":false},"author":1,"featured_media":0,"parent":0,"menu_order":0,"comment_status":"closed","ping_status":"closed","template":"..\/public\/views\/revslider-page-template.php","meta":{"footnotes":""},"class_list":["post-2815","page","type-page","status-publish","hentry"],"_links":{"self":[{"href":"https:\/\/www.rabihaboukhalil.com\/de\/wp-json\/wp\/v2\/pages\/2815","targetHints":{"allow":["GET"]}}],"collection":[{"href":"https:\/\/www.rabihaboukhalil.com\/de\/wp-json\/wp\/v2\/pages"}],"about":[{"href":"https:\/\/www.rabihaboukhalil.com\/de\/wp-json\/wp\/v2\/types\/page"}],"author":[{"embeddable":true,"href":"https:\/\/www.rabihaboukhalil.com\/de\/wp-json\/wp\/v2\/users\/1"}],"replies":[{"embeddable":true,"href":"https:\/\/www.rabihaboukhalil.com\/de\/wp-json\/wp\/v2\/comments?post=2815"}],"version-history":[{"count":1,"href":"https:\/\/www.rabihaboukhalil.com\/de\/wp-json\/wp\/v2\/pages\/2815\/revisions"}],"predecessor-version":[{"id":2817,"href":"https:\/\/www.rabihaboukhalil.com\/de\/wp-json\/wp\/v2\/pages\/2815\/revisions\/2817"}],"wp:attachment":[{"href":"https:\/\/www.rabihaboukhalil.com\/de\/wp-json\/wp\/v2\/media?parent=2815"}],"curies":[{"name":"wp","href":"https:\/\/api.w.org\/{rel}","templated":true}]}}